{"id":59,"date":"2021-05-13T19:49:24","date_gmt":"2021-05-13T17:49:24","guid":{"rendered":"https:\/\/diessldesign.de\/?page_id=59"},"modified":"2022-02-06T17:44:42","modified_gmt":"2022-02-06T16:44:42","slug":"ueber-mich","status":"publish","type":"page","link":"https:\/\/diessldesign.de\/index.php\/ueber-mich\/","title":{"rendered":"\u00dcber mich"},"content":{"rendered":"\n<div class=\"wp-block-columns is-layout-flex wp-container-core-columns-is-layout-9d6595d7 wp-block-columns-is-layout-flex\">\n<div class=\"wp-block-column is-layout-flow wp-block-column-is-layout-flow\" style=\"flex-basis:100%\">\n<div class=\"wp-block-group\"><div class=\"wp-block-group__inner-container is-layout-flow wp-block-group-is-layout-flow\">\n<div class=\"wp-block-columns is-layout-flex wp-container-core-columns-is-layout-9d6595d7 wp-block-columns-is-layout-flex\">\n<div class=\"wp-block-column is-layout-flow wp-block-column-is-layout-flow\" style=\"flex-basis:25%\"><\/div>\n\n\n\n<div class=\"wp-block-column is-layout-flow wp-block-column-is-layout-flow\" style=\"flex-basis:50%\">\n<p class=\"has-blue-color has-text-color\"><strong>Kommunikationsdesign<\/strong><br>Ich sehe mich als eine Art Reise- und Wegbegleiter.<strong> <\/strong><\/p>\n\n\n\n<p class=\"has-blue-color has-text-color\"><strong>Meine seitherige Reise <\/strong><br>Das Licht der Welt erblickte ich 1968 in Esslingen am Neckar.<\/p>\n\n\n\n<p class=\"has-blue-color has-text-color\">Nach der Realschule absolvierte ich eine Lehre als Druckformenherstellerin in einer Druckerei.<\/p>\n\n\n\n<p class=\"has-blue-color has-text-color\">1994 schlo\u00df ich mein Studium Produktdesign, an der FhG in Schw\u00e4bisch Gm\u00fcnd, als Dipl. Designerin [FH] ab.<\/p>\n\n\n\n<p class=\"has-blue-color has-text-color\">Mein Interesse an Wahrnehmungspsychologie und der anhaltenden inneren Frage \u201eWie funktioniert das Leben?\u201c f\u00fchrten mich in die Medien- und Veranstaltungsbranche. In dieser Zeit begann die digitale Welt, ich spezialisierte mich auf die Bedienbarkeit und Gestaltung von Produkten (Usability Design). <br><\/p>\n\n\n\n<p class=\"has-blue-color has-text-color\">Automessen und die Expo geh\u00f6rten zu meinen Highlights \u2013 wobei ich die Welt der Kreativen erleben und studieren konnte.<\/p>\n\n\n\n<p class=\"has-blue-color has-text-color\">Ich durfte viele Menschen kennenlernen und immer faszinierten mich die sogenannten \u201ePers\u00f6nlichkeiten und Unikate\u201c. Sie gehen sehr zielstrebig und selbstbewu\u00dft durchs Leben.<\/p>\n\n\n\n<p class=\"has-blue-color has-text-color\"><em>Wer authentisch ist \u2013 lebt stre\u00dffreier und eckt weniger an!<\/em><\/p>\n\n\n\n<p class=\"has-blue-color has-text-color\">Ich besch\u00e4ftige mich mit den Themen Lebensgestaltung, Lebensziele, Wahrnehmung, Psychologie, Strategie, Logik und den Werkzeugen\/Tools, die man in diesen Bereichen anwendet.<\/p>\n\n\n\n<p class=\"has-blue-color has-text-color\">Aus all diesen Lebenserfahrungen entstand meine T\u00e4tigkeit: Menschen bei der Gestaltung ihres Lebens zu begleiten.<\/p>\n\n\n\n<p class=\"has-blue-color has-text-color has-medium-font-size\"><em>Gestalte Dein Leben und lebe es spielerisch<\/em><\/p>\n<\/div>\n\n\n\n<div class=\"wp-block-column is-layout-flow wp-block-column-is-layout-flow\" style=\"flex-basis:25%\"><\/div>\n<\/div>\n<\/div><\/div>\n<\/div>\n<\/div>\n","protected":false},"excerpt":{"rendered":"<p>KommunikationsdesignIch sehe mich als eine Art Reise- und Wegbegleiter. Meine seitherige Reise Das Licht der Welt erblickte ich 1968 in Esslingen am Neckar. Nach der Realschule absolvierte ich eine Lehre als Druckformenherstellerin in einer Druckerei. 1994 schlo\u00df ich mein Studium Produktdesign, an der FhG in Schw\u00e4bisch Gm\u00fcnd, als Dipl. Designerin [FH] ab. Mein Interesse an&hellip; <a class=\"more-link\" href=\"https:\/\/diessldesign.de\/index.php\/ueber-mich\/\"><span class=\"screen-reader-text\">\u00dcber mich<\/span> weiterlesen<\/a><\/p>\n","protected":false},"author":1,"featured_media":201,"parent":0,"menu_order":0,"comment_status":"closed","ping_status":"closed","template":"","meta":{"footnotes":""},"class_list":["post-59","page","type-page","status-publish","has-post-thumbnail","hentry","entry"],"_links":{"self":[{"href":"https:\/\/diessldesign.de\/index.php\/wp-json\/wp\/v2\/pages\/59","targetHints":{"allow":["GET"]}}],"collection":[{"href":"https:\/\/diessldesign.de\/index.php\/wp-json\/wp\/v2\/pages"}],"about":[{"href":"https:\/\/diessldesign.de\/index.php\/wp-json\/wp\/v2\/types\/page"}],"author":[{"embeddable":true,"href":"https:\/\/diessldesign.de\/index.php\/wp-json\/wp\/v2\/users\/1"}],"replies":[{"embeddable":true,"href":"https:\/\/diessldesign.de\/index.php\/wp-json\/wp\/v2\/comments?post=59"}],"version-history":[{"count":31,"href":"https:\/\/diessldesign.de\/index.php\/wp-json\/wp\/v2\/pages\/59\/revisions"}],"predecessor-version":[{"id":531,"href":"https:\/\/diessldesign.de\/index.php\/wp-json\/wp\/v2\/pages\/59\/revisions\/531"}],"wp:featuredmedia":[{"embeddable":true,"href":"https:\/\/diessldesign.de\/index.php\/wp-json\/wp\/v2\/media\/201"}],"wp:attachment":[{"href":"https:\/\/diessldesign.de\/index.php\/wp-json\/wp\/v2\/media?parent=59"}],"curies":[{"name":"wp","href":"https:\/\/api.w.org\/{rel}","templated":true}]}}