{"id":55,"date":"2021-05-13T19:49:45","date_gmt":"2021-05-13T17:49:45","guid":{"rendered":"https:\/\/diessldesign.de\/?page_id=55"},"modified":"2022-02-06T17:14:42","modified_gmt":"2022-02-06T16:14:42","slug":"start","status":"publish","type":"page","link":"https:\/\/diessldesign.de\/","title":{"rendered":"Start"},"content":{"rendered":"\n<p><\/p>\n\n\n\n<div class=\"wp-block-columns is-layout-flex wp-container-core-columns-is-layout-9d6595d7 wp-block-columns-is-layout-flex\">\n<div class=\"wp-block-column is-layout-flow wp-block-column-is-layout-flow\" style=\"flex-basis:25%\"><\/div>\n\n\n\n<div class=\"wp-block-column is-layout-flow wp-block-column-is-layout-flow\" style=\"flex-basis:50%\">\n<p class=\"has-blue-color has-text-color\" style=\"line-height:1.3\">Wie sch\u00f6n w\u00e4re es, wenn man sein Lebensziel kennt und zielstrebig durch sein Leben gehen k\u00f6nnte!<\/p>\n\n\n\n<p class=\"has-blue-color has-text-color\" style=\"line-height:1.3\">Wer hat sich nicht schon folgende Fragen gestellt:<\/p>\n\n\n\n<ul class=\"has-blue-color has-text-color wp-block-list\"><li>Wer bin ich?<\/li><li>Wo stehe ich gerade?<\/li><li>Was ist mein Lebensziel?<\/li><\/ul>\n\n\n\n<p class=\"has-blue-color has-text-color\" style=\"line-height:1.3\">Es gibt eine M\u00f6glichkeit, wie man sein individuelles Lebensziel herausfinden kann.<\/p>\n\n\n\n<p class=\"has-text-color has-medium-font-size\" style=\"color:#03b2fd;line-height:1.3\"><strong><em>Werde zum aktiven Gestalter Deines Lebens!<\/em><\/strong><\/p>\n\n\n\n<p class=\"has-blue-color has-text-color\" style=\"line-height:1.3\"><strong>Motivation und Zielfindung:<\/strong><\/p>\n\n\n\n<ul class=\"has-blue-color has-text-color wp-block-list\"><li>Wer sein Lebensziel kennt, geht seinen Weg zielgerichtet, selbstbestimmt und selbstbewusst.<\/li><li>Wer sich kennt, agiert verantwortungsbewusst und das <br>Leben wird einfach und spielerisch.<\/li><li>Raus aus dem Kollektiv -&gt; rein in die eigene Individualit\u00e4t.<\/li><li>Sein Leben in die Hand nehmen und zielsicher seinen <br>Weg gehen.<\/li><\/ul>\n\n\n\n<p class=\"has-blue-color has-text-color\" style=\"line-height:1.3\"><em>Bewusstsein schafft bewusstes Sein!<\/em><\/p>\n<\/div>\n\n\n\n<div class=\"wp-block-column is-layout-flow wp-block-column-is-layout-flow\" style=\"flex-basis:25%\"><\/div>\n<\/div>\n","protected":false},"excerpt":{"rendered":"<p>Wie sch\u00f6n w\u00e4re es, wenn man sein Lebensziel kennt und zielstrebig durch sein Leben gehen k\u00f6nnte! Wer hat sich nicht schon folgende Fragen gestellt: Wer bin ich? Wo stehe ich gerade? Was ist mein Lebensziel? Es gibt eine M\u00f6glichkeit, wie man sein individuelles Lebensziel herausfinden kann. Werde zum aktiven Gestalter Deines Lebens! Motivation und Zielfindung:&hellip; <a class=\"more-link\" href=\"https:\/\/diessldesign.de\/\"><span class=\"screen-reader-text\">Start<\/span> weiterlesen<\/a><\/p>\n","protected":false},"author":1,"featured_media":204,"parent":0,"menu_order":0,"comment_status":"closed","ping_status":"closed","template":"","meta":{"footnotes":""},"class_list":["post-55","page","type-page","status-publish","has-post-thumbnail","hentry","entry"],"_links":{"self":[{"href":"https:\/\/diessldesign.de\/index.php\/wp-json\/wp\/v2\/pages\/55","targetHints":{"allow":["GET"]}}],"collection":[{"href":"https:\/\/diessldesign.de\/index.php\/wp-json\/wp\/v2\/pages"}],"about":[{"href":"https:\/\/diessldesign.de\/index.php\/wp-json\/wp\/v2\/types\/page"}],"author":[{"embeddable":true,"href":"https:\/\/diessldesign.de\/index.php\/wp-json\/wp\/v2\/users\/1"}],"replies":[{"embeddable":true,"href":"https:\/\/diessldesign.de\/index.php\/wp-json\/wp\/v2\/comments?post=55"}],"version-history":[{"count":36,"href":"https:\/\/diessldesign.de\/index.php\/wp-json\/wp\/v2\/pages\/55\/revisions"}],"predecessor-version":[{"id":513,"href":"https:\/\/diessldesign.de\/index.php\/wp-json\/wp\/v2\/pages\/55\/revisions\/513"}],"wp:featuredmedia":[{"embeddable":true,"href":"https:\/\/diessldesign.de\/index.php\/wp-json\/wp\/v2\/media\/204"}],"wp:attachment":[{"href":"https:\/\/diessldesign.de\/index.php\/wp-json\/wp\/v2\/media?parent=55"}],"curies":[{"name":"wp","href":"https:\/\/api.w.org\/{rel}","templated":true}]}}